{"id":210,"date":"2016-03-09T18:00:55","date_gmt":"2016-03-09T21:00:55","guid":{"rendered":"https:\/\/jucum.ar\/?page_id=177"},"modified":"2021-09-20T19:45:32","modified_gmt":"2021-09-20T22:45:32","slug":"que-es-jucum","status":"publish","type":"page","link":"https:\/\/jucum.ar\/en\/que-es-jucum\/","title":{"rendered":"\u00bfQu\u00e9 es JUCUM?"},"content":{"rendered":"<p>[et_pb_section fb_built=&#8221;1&#8243; admin_label=&#8221;section&#8221; _builder_version=&#8221;3.27.4&#8243; background_color=&#8221;rgba(210,159,104,0.56)&#8221; background_image=&#8221;https:\/\/jucum.ar\/wordpress\/wp-content\/uploads\/2019\/09\/davide-ragusa-6q4JkCp6scA-unsplash-1.jpg&#8221; parallax=&#8221;on&#8221; custom_padding=&#8221;||87px|||&#8221; bottom_divider_style=&#8221;curve&#8221; bottom_divider_color=&#8221;#161616&#8243; animation_style=&#8221;zoom&#8221; animation_duration=&#8221;2000ms&#8221; animation_intensity_zoom=&#8221;4%&#8221; global_colors_info=&#8221;{}&#8221;][et_pb_row _builder_version=&#8221;3.27.4&#8243; min_height=&#8221;617px&#8221; custom_padding=&#8221;65px||67px|||&#8221; global_colors_info=&#8221;{}&#8221;][et_pb_column type=&#8221;4_4&#8243; _builder_version=&#8221;3.27.4&#8243; border_radii=&#8221;on|8px|8px|8px|8px&#8221; global_colors_info=&#8221;{}&#8221;][et_pb_accordion open_toggle_text_color=&#8221;#ffffff&#8221; _builder_version=&#8221;4.10.1&#8243; toggle_text_color=&#8221;#ffffff&#8221; toggle_font_size=&#8221;19px&#8221; body_text_color=&#8221;#ffffff&#8221; background_color=&#8221;rgba(0,0,0,0)&#8221; width=&#8221;100%&#8221; min_height=&#8221;644px&#8221; custom_margin=&#8221;0px|||||&#8221; hover_enabled=&#8221;0&#8243; border_radii=&#8221;on|8px|8px|8px|8px&#8221; border_width_all=&#8221;0px&#8221; global_colors_info=&#8221;{}&#8221; sticky_enabled=&#8221;0&#8243;][et_pb_accordion_item title=&#8221;\u00bfQU\u00c9 ES JUCUM?&#8221; open_toggle_text_color=&#8221;#ffffff&#8221; _builder_version=&#8221;4.10.1&#8243; body_font=&#8221;Lora||||||||&#8221; body_font_size=&#8221;18px&#8221; background_color=&#8221;#D29F68&#8243; background_enable_color=&#8221;on&#8221; transform_scale=&#8221;90%|90%&#8221; hover_enabled=&#8221;0&#8243; border_width_all=&#8221;0px&#8221; global_colors_info=&#8221;{}&#8221; toggle_text_color=&#8221;#ffffff&#8221; toggle_font=&#8221;Lora|700|||||||&#8221; toggle_text_align=&#8221;center&#8221; toggle_font_size=&#8221;30px&#8221; toggle_line_height=&#8221;2em&#8221; open=&#8221;off&#8221; sticky_enabled=&#8221;0&#8243;]<\/p>\n<p><span style=\"color: #ffffff;\">Juventud Con Una Misi\u00f3n es un movimiento internacional de voluntarios cristianos provenientes de diversos trasfondos, culturas y tradiciones cristianas, dedicados a servir a Jes\u00fas en todo el mundo. Tambi\u00e9n conocido como JUCUM, nuestro prop\u00f3sito es simplemente conocer a Dios y hacerlo conocido.<\/span><\/p>\n<p><span style=\"color: #ffffff;\">Cuando JUCUM comenz\u00f3 en 1960, nuestro objetivo principal era dar a los j\u00f3venes oportunidades para demostrar el amor de Jes\u00fas a todo el mundo, de acuerdo a Su mandamiento en Marcos 16:15. Hoy d\u00eda, todav\u00eda nos enfocamos en los j\u00f3venes, pero tenemos miembros (conocidos como \u201cJUCUMeros\u201d) de casi todas las edades, y muchos de nuestros esfuerzos a corto plazo se han convertido en iniciativas de largo plazo que han afectado vidas y naciones.<\/span><\/p>\n<p><span style=\"color: #ffffff;\">JUCUM tiene una estructura descentralizada que fomenta una nueva visi\u00f3n y la exploraci\u00f3n de nuevas formas para transformar vidas a trav\u00e9s del entrenamiento, comunicar el mensaje del evangelio y cuidar de aquellos en necesidad. Actualmente, operamos en m\u00e1s de 1,000 localidades en alrededor de 180 pa\u00edses con casi 30,000 obreros.<\/span><\/p>\n<p>[\/et_pb_accordion_item][et_pb_accordion_item title=&#8221;\u00bfQUI\u00c9NES SOMOS?&#8221; open_toggle_text_color=&#8221;#ffffff&#8221; _builder_version=&#8221;4.10.1&#8243; body_font=&#8221;Lora||||||||&#8221; body_text_color=&#8221;#ffffff&#8221; body_font_size=&#8221;18px&#8221; background_color=&#8221;#D29F68&#8243; background_enable_color=&#8221;on&#8221; transform_scale=&#8221;90%|90%&#8221; hover_enabled=&#8221;0&#8243; global_colors_info=&#8221;{}&#8221; toggle_text_color=&#8221;#ffffff&#8221; toggle_font=&#8221;Lora|700|||||||&#8221; toggle_text_align=&#8221;center&#8221; toggle_font_size=&#8221;30px&#8221; open=&#8221;on&#8221; sticky_enabled=&#8221;0&#8243;]<\/p>\n<p><strong>Somos familias y j\u00f3venes<\/strong> de todas las edades (no hay l\u00edmite para servir). Vivimos en m\u00e1s de 180 naciones y nos gusta trabajar con amigos en equipos multi-culturales, celebrando la diversidad de nuestras diferentes experiencias, idiomas y perspectivas.<\/p>\n<p>Venimos de diferentes tradiciones cristianas y nos encanta reunirnos y adorar a Dios con nuestras diferentes expresiones. Estamos comprometidos con el crecimiento de nuestro entendimiento sobre qui\u00e9n es Jes\u00fas y c\u00f3mo \u00c9l quiere que amemos y sirvamos a la gente del mundo.<\/p>\n<p>Estamos muy entusiasmados con las nuevas ideas. Viajamos mucho. Nos mueve la gente en necesidad y hacemos algo al respecto. No nos importa el trabajo duro. Creemos que Dios quiere tener una relaci\u00f3n viva con cada uno de nosotros y queremos vivirla profundamente. No estamos en esto por el dinero. Hemos descubierto que la fe en Jes\u00fas te llevar\u00e1\u00a1 a lugares que nunca has so\u00f1ado, para hacer cosas que nunca imaginaste, en formas que nunca creer\u00edas.<\/p>\n<p>Somos Juventud Con Una Misi\u00f3n.<\/p>\n<p>&nbsp;<\/p>\n<p>[\/et_pb_accordion_item][et_pb_accordion_item title=&#8221;JUCUM ARGENTINA&#8221; open_toggle_text_color=&#8221;#ffffff&#8221; _builder_version=&#8221;4.10.1&#8243; body_font=&#8221;Lora||||||||&#8221; body_text_color=&#8221;#ffffff&#8221; body_font_size=&#8221;18px&#8221; background_color=&#8221;#D29F68&#8243; background_enable_color=&#8221;on&#8221; transform_scale=&#8221;90%|90%&#8221; hover_enabled=&#8221;0&#8243; global_colors_info=&#8221;{}&#8221; toggle_text_color=&#8221;#ffffff&#8221; toggle_font=&#8221;Lora|700|||||||&#8221; toggle_text_align=&#8221;center&#8221; toggle_font_size=&#8221;30px&#8221; open=&#8221;off&#8221; sticky_enabled=&#8221;0&#8243;]<\/p>\n<p>Era el a\u00f1o 1978 y Argentina fue elegida como anfitriona de la Copa del Mundo. Para esta ocasi\u00f3n, no solo vinieron fan\u00e1ticos de los deportes y personas de diferentes nacionalidades, culturas e idiomas, sino tambi\u00e9n j\u00f3venes apasionados por Jes\u00fas y decididos a proclamar el mensaje de la cruz en las calles de Argentina.<\/p>\n<p>Esto caus\u00f3 un gran impacto de coraje en la iglesia argentina que se hab\u00eda acostumbrado a la proclamaci\u00f3n silenciosa debido al sistema de gobierno opresivo de la poca. Muchos creyentes se contagiaron con esta movilizaci\u00f3n y as\u00ed\u00ad es como comenzamos con los seminarios de discipulado.<\/p>\n<p>A principios de la d\u00e9cada de 1980, el Se\u00f1or nos proporcion\u00f3 las finanzas para la compra de una granja ubicada en Palmira, provincia de Mendoza, y esta fue nuestra primera comunidad misionera. Luego, se inaugur\u00f3 la primera escuela de Juventud Con Una Misi\u00f3n (JUCUM) Argentina, denominada en ese momento &#8220;Escuela B\u00e1sica de Evangelismo&#8221;. Este programa incorpor\u00f3 impactos evangel\u00ed\u00adsticos a diferentes partes del pa\u00eds y pa\u00edses vecinos.<\/p>\n<p>Continuaron tiempos dif\u00edciles para el ministerio, lo que condujo al cese de nuestras actividades durante algunos a\u00f1os, hasta 1989 cuando nos mudamos a Buenos Aires (punto estrat\u00e9gico) con una nueva visi\u00f3n: capacitar a los latinoamericanos para el campo misionero con el objetivo de alcanzar el pueblos de la ventana 10\/40 a trav\u00e9s del evangelio.<\/p>\n<p>Desde la primera Escuela de Misiones, Dios ha formado misioneros en diferentes naciones como Espa\u00f1a, Amazonas, India, Jap\u00f3n, Turqu\u00eda, Guinea Ecuatorial, Camer\u00fan, Sud\u00e1frica, Uzbekist\u00e1n, China, Inglaterra, entre otros.<br \/>Hoy, JUCUM se est\u00e1\u00a1 extendiendo por toda Argentina, compartiendo la visi\u00f3n misionera, estimulando y entrenando a los j\u00f3venes argentinos para que puedan participar en la tarea de evangelizaci\u00f3n mundial.<\/p>\n<p>JUCUM colabora con la iglesia local en varios programas de capacitaci\u00f3n, evangelismo, misericordia y la movilizaci\u00f3n de los j\u00f3venes a eventos a corto y largo plazo.<\/p>\n<p>&nbsp;<\/p>\n<p>&nbsp;<\/p>\n<p>[\/et_pb_accordion_item][et_pb_accordion_item title=&#8221;ESTRUCTURA&#8221; open_toggle_text_color=&#8221;#ffffff&#8221; _builder_version=&#8221;4.10.1&#8243; body_font=&#8221;Lora||||||||&#8221; body_text_color=&#8221;#ffffff&#8221; body_font_size=&#8221;18px&#8221; background_color=&#8221;#D29F68&#8243; background_enable_color=&#8221;on&#8221; transform_scale=&#8221;90%|90%&#8221; hover_enabled=&#8221;0&#8243; global_colors_info=&#8221;{}&#8221; toggle_text_color=&#8221;#ffffff&#8221; toggle_font=&#8221;Lora|700|||||||&#8221; toggle_text_align=&#8221;center&#8221; toggle_font_size=&#8221;30px&#8221; open=&#8221;off&#8221; sticky_enabled=&#8221;0&#8243;]<\/p>\n<p>Puesto que JUCUM ha crecido a lo largo de los a\u00f1os, se ha desarrollado como una familia de ministerios en lugar de una agencia altamente estructurada y centralizada. Aunque contamos con oficinas de servicio internacional de JUCUM, no tenemos una sede administrativa internacional.<\/p>\n<p>Cada localidad de JUCUM es responsable de iniciar programas de entrenamiento, planificar tiempos pr\u00e1cticos, reclutar personal, recaudar fondos y definir sus objetivos y actividades, donde cada una de ellas comparten una declaraci\u00f3n com\u00fan de fe, visi\u00f3n y valores. La administraci\u00f3n de cada centro puede variar de acuerdo a las leyes de la naci\u00f3n en que se encuentra. En Argentina, Juventud Con Una Misi\u00f3n constituye una Asociaci\u00f3n Civil sin fines de lucro.<\/p>\n<p>&nbsp;<\/p>\n<p>&nbsp;<\/p>\n<p>[\/et_pb_accordion_item][et_pb_accordion_item title=&#8221;SALARIOS Y BENEFICIOS&#8221; open=&#8221;off&#8221; open_toggle_text_color=&#8221;#ffffff&#8221; _builder_version=&#8221;4.10.1&#8243; body_font=&#8221;Lora||||||||&#8221; body_text_color=&#8221;#ffffff&#8221; body_font_size=&#8221;18px&#8221; background_color=&#8221;#D29F68&#8243; background_enable_color=&#8221;on&#8221; transform_scale=&#8221;90%|90%&#8221; hover_enabled=&#8221;0&#8243; global_colors_info=&#8221;{}&#8221; toggle_text_color=&#8221;#ffffff&#8221; toggle_font=&#8221;Lora|700|||||||&#8221; toggle_text_align=&#8221;center&#8221; toggle_font_size=&#8221;30px&#8221; sticky_enabled=&#8221;0&#8243;]<\/p>\n<p>JUCUM no paga a sus obreros. \u00a1S\u00ed\u00ad, has le\u00eddo bien! Uno de nuestros valores es el de ser sostenidos en base a relaciones que conf\u00edan y apoyan cada proyecto misionero. En algunas \u00e1reas, nuestro personal trabaja en otros negocios por razones econ\u00f3micas, pol\u00c3\u00adticas o ministeriales.<\/p>\n<p>[\/et_pb_accordion_item][\/et_pb_accordion][\/et_pb_column][\/et_pb_row][\/et_pb_section]<\/p>","protected":false},"excerpt":{"rendered":"<p>Juventud Con Una Misi\u00f3n es un movimiento internacional de voluntarios cristianos provenientes de diversos trasfondos, culturas y tradiciones cristianas, dedicados a servir a Jes\u00fas en todo el mundo. Tambi\u00e9n conocido como JUCUM, nuestro prop\u00f3sito es simplemente conocer a Dios y hacerlo conocido. Cuando JUCUM comenz\u00f3 en 1960, nuestro objetivo principal era dar a los j\u00f3venes [&hellip;]<\/p>","protected":false},"author":1,"featured_media":0,"parent":0,"menu_order":0,"comment_status":"closed","ping_status":"closed","template":"","meta":{"_et_pb_use_builder":"on","_et_pb_old_content":"<strong>Juventud Con Una Misi\u00c3\u00b3n<\/strong> es un movimiento internacional de voluntarios cristianos provenientes de diversos trasfondos, culturas y tradiciones cristianas, dedicados a servir a Jes\u00c3\u00bas en todo el mundo. Tambi\u00c3\u00a9n conocido como JUCUM, nuestro prop\u00c3\u00b3sito es simplemente conocer a Dios y hacerlo conocido.\r\n\r\nCuando JUCUM <strong>comenz\u00c3\u00b3 en 1960<\/strong>, nuestro objetivo principal era dar a los j\u00c3\u00b3venes oportunidades para demostrar el amor de Jes\u00c3\u00bas a todo el mundo, <strong>de acuerdo a Su mandamiento en Marcos 16:15<\/strong>. Hoy d\u00c3\u00ada, todav\u00c3\u00ada nos enfocamos en los j\u00c3\u00b3venes, pero tenemos miembros (conocidos como \"JUCUMeros\") de casi todas las edades, y muchos de nuestros esfuerzos a corto plazo se han convertido en iniciativas de largo plazo que han afectado vidas y naciones.\r\n\r\nJUCUM tiene una estructura descentralizada que fomenta <strong>una nueva visi\u00c3\u00b3n<\/strong> y la exploraci\u00c3\u00b3n de nuevas formas para transformar vidas a trav\u00c3\u00a9s del entrenamiento, comunicar el mensaje del evangelio y cuidar de aquellos en necesidad. Actualmente, operamos en m\u00c3\u00a1s de <strong>1,000 localidades<\/strong> en alrededor de <strong>150 pa\u00c3\u00adses<\/strong> con casi <strong>20,000 obreros.<\/strong>\r\n\r\n<strong>Para alcanzar los objetivos, actuamos por medio de:<\/strong>\r\n\r\n<strong>EVANGELISMO \/ DANDO A CONOCER A DIOS<\/strong>\r\n\r\nLas personas que tienen un encuentro con Jes\u00c3\u00bas quieren <strong>contar a otros sobre \u00c3\u2030l.<\/strong> El amor de Cristo nos inspira a usar muchos medios creativos para hacer <strong>que Su mensaje sea entendido<\/strong> por cualquier audiencia \u00e2\u20ac\u201c grande o peque\u00c3\u00b1a. Usamos herramientas como <strong>la m\u00c3\u00basica, artes y deportes<\/strong> para conectarnos con personas de todas las edades y desarrollar amistades que nos lleven a conversaciones de valor eterno.\r\n\r\nCuando<strong> trabajamos en otras culturas<\/strong> y entre personas de otras creencias, el mensaje de <strong>paz de Cristo<\/strong> es nuestro punto de partida. Creemos que todo el mundo tiene el derecho a escuchar este mensaje y nuestra esperanza es ver comunidades de creyentes alabando y siguiendo a Jes\u00c3\u00bas <strong>en cada naci\u00c3\u00b3n, tribu y lengua.<\/strong>\r\n\r\n<strong>CAPACITACI\u00c3\u201cN Y ENTRENAMIENTO<\/strong>\r\n\r\nEl entrenamiento de JUCUM <strong>te ense\u00c3\u00b1a a explorar y compartir tu fe.<\/strong> Una amplia variedad de programas de capacitaci\u00c3\u00b3n especializados, equipa a los estudiantes con herramientas que pueden ser aplicadas en muchas situaciones para comunicar el amor de Cristo y participar de <strong>una forma pr\u00c3\u00a1ctica en las misiones.<\/strong>\r\n\r\n<strong>JUCUM ha desarrollado escuelas<\/strong> de cinco meses de duraci\u00c3\u00b3n destinadas a ofrecer capacitaci\u00c3\u00b3n en diversas disciplinas. En determinados pa\u00c3\u00adses ofrece grados de Licenciatura y M\u00c3\u00a1ster acreditados por la Universidad de las Naciones.\r\n\r\n<strong>MINISTERIOS DE MISERICORDIA<\/strong>\r\n\r\nLos Ministerios de Misericordia de JUCUM siguen el ejemplo de Jes\u00c3\u00bas en <strong>su compasi\u00c3\u00b3n por los necesitados<\/strong>. JUCUM trabaja para que cada ser humano goce de sus derechos individuales y tenga suplidas sus necesidades b\u00c3\u00a1sicas: comida, agua, vestimenta, techo e higiene y servicios m\u00c3\u00a9dicos asistenciales.\r\n\r\n<strong>Nuestros voluntarios sirven<\/strong> en \u00c3\u00a1reas como asistencia agr\u00c3\u00adcola, salud, desarrollo de micro empresas, construcci\u00c3\u00b3n, mantenimiento y con mujeres y ni\u00c3\u00b1os en situaci\u00c3\u00b3n de riesgo.\r\n\r\nEl objetivo es mostrar <strong>el amor de Dios a trav\u00c3\u00a9s<\/strong> de asistencia pr\u00c3\u00a1ctica hacia los pobres y necesitados de cualquier parte del mundo.\r\n\r\nLos equipos de JUCUM han respondido a situaciones cr\u00c3\u00adticas como el hurac\u00c3\u00a1n Katrina, el terremoto de Pakist\u00c3\u00a1n y el tsunami en Asia y permanecen a largo plazo en la comunidad ayudando en los esfuerzos y desarrollo de \u00c3\u00a9stos y otros lugares nunca antes vistos en las noticias.\r\n\r\n<strong>\u00c2\u00bfQUI\u00c3\u2030NES SOMOS?<\/strong>\r\n\r\n\u00c2\u00bfQui\u00c3\u00a9n es JUCUM? Comprendemos entre las edades de 1 y 100 a\u00c3\u00b1os. Vivimos en m\u00c3\u00a1s de 150 naciones y nos gusta trabajar con amigos en equipos multi-culturales, celebrando la diversidad de nuestras diferentes experiencias, idiomas y perspectivas.\r\n\r\nVenimos de diferentes tradiciones cristianas y nos encanta reunirnos y adorar a Dios con nuestras diferentes expresiones. Estamos comprometidos con el crecimiento de nuestro entendimiento sobre qui\u00c3\u00a9n es Jes\u00c3\u00bas y c\u00c3\u00b3mo \u00c3\u2030l quiere que amemos y sirvamos a la gente del mundo.\r\n\r\nEstamos muy entusiasmados con las nuevas ideas. Viajamos mucho. Nos mueve la gente en necesidad y hacemos algo al respecto. No nos importa la aspereza. Creemos que Dios quiere tener una relaci\u00c3\u00b3n viva con cada uno de nosotros y queremos vivirla profundamente. No estamos en esto por el dinero. Hemos descubierto que la fe en Jes\u00c3\u00bas te llevar\u00c3\u00a1 a lugares que nunca has so\u00c3\u00b1ado, para hacer cosas que nunca imaginaste, en formas que nunca creer\u00c3\u00adas.\r\n\r\nSomos Juventud Con Una Misi\u00c3\u00b3n.\r\n\r\n<strong>ESTRUCTURA<\/strong>\r\n\r\nPuesto que JUCUM ha crecido a lo largo de los a\u00c3\u00b1os, se ha desarrollado como una familia de ministerios en lugar de una agencia altamente estructurada y centralizada. Aunque contamos con oficinas de servicio internacional de JUCUM, no tenemos una sede administrativa internacional.\r\n\r\nCada localidad de JUCUM es responsable de iniciar programas de entrenamiento, planificar tiempos pr\u00c3\u00a1cticos, reclutar personal, recaudar fondos y definir sus objetivos y actividades. La administraci\u00c3\u00b3n de cada centro puede variar de acuerdo a las leyes de la naci\u00c3\u00b3n en que se encuentra. En Argentina, Juventud Con Una Misi\u00c3\u00b3n constituye una Asociaci\u00c3\u00b3n Civil sin fines de lucro.\r\n\r\nTodas las localidades de JUCUM comparten una declaraci\u00c3\u00b3n com\u00c3\u00ban de fe, visi\u00c3\u00b3n y valores.\r\n\r\n<strong>TRABAJO CON IGLESIAS<\/strong>\r\n\r\nJUCUM trabaja mano a mano con las iglesias nacionales y locales de cada pa\u00c3\u00ads. Cada voluntario de JUCUM es un miembro activo en su iglesia y los misioneros, de corto o largo plazo, son enviados al campo de misi\u00c3\u00b3n por sus respectivas iglesias.\r\n\r\n<strong>SALARIOS Y BENEFICIOS<\/strong>\r\n\r\nJUCUM no paga a sus obreros. \u00c2\u00a1S\u00c3\u00ad, has le\u00c3\u00addo bien! La mayor\u00c3\u00ada de nuestros voluntarios suplen sus necesidades financieras a trav\u00c3\u00a9s de la ayuda de amigos e iglesias que apoyan su ministerio. En algunas \u00c3\u00a1reas, nuestro personal trabaja en otros negocios por razones econ\u00c3\u00b3micas, pol\u00c3\u00adticas o ministeriales.\r\n\r\n&nbsp;","_et_gb_content_width":"","footnotes":""},"class_list":["post-210","page","type-page","status-publish","hentry"],"_links":{"self":[{"href":"https:\/\/jucum.ar\/en\/wp-json\/wp\/v2\/pages\/210","targetHints":{"allow":["GET"]}}],"collection":[{"href":"https:\/\/jucum.ar\/en\/wp-json\/wp\/v2\/pages"}],"about":[{"href":"https:\/\/jucum.ar\/en\/wp-json\/wp\/v2\/types\/page"}],"author":[{"embeddable":true,"href":"https:\/\/jucum.ar\/en\/wp-json\/wp\/v2\/users\/1"}],"replies":[{"embeddable":true,"href":"https:\/\/jucum.ar\/en\/wp-json\/wp\/v2\/comments?post=210"}],"version-history":[{"count":6,"href":"https:\/\/jucum.ar\/en\/wp-json\/wp\/v2\/pages\/210\/revisions"}],"predecessor-version":[{"id":1076,"href":"https:\/\/jucum.ar\/en\/wp-json\/wp\/v2\/pages\/210\/revisions\/1076"}],"wp:attachment":[{"href":"https:\/\/jucum.ar\/en\/wp-json\/wp\/v2\/media?parent=210"}],"curies":[{"name":"wp","href":"https:\/\/api.w.org\/{rel}","templated":true}]}}