{"id":353,"date":"2016-11-29T11:35:57","date_gmt":"2016-11-29T14:35:57","guid":{"rendered":"https:\/\/jucum.ar\/wordpress\/?page_id=353"},"modified":"2025-11-25T15:58:49","modified_gmt":"2025-11-25T18:58:49","slug":"ede","status":"publish","type":"page","link":"https:\/\/jucum.ar\/en\/ede\/","title":{"rendered":"DTS"},"content":{"rendered":"<p>[et_pb_section fb_built=&#8221;1&#8243; admin_label=&#8221;section&#8221; _builder_version=&#8221;4.16&#8243; global_colors_info=&#8221;{}&#8221;][et_pb_row admin_label=&#8221;row&#8221; _builder_version=&#8221;4.16&#8243; background_size=&#8221;initial&#8221; background_position=&#8221;top_left&#8221; background_repeat=&#8221;repeat&#8221; width=&#8221;54.5%&#8221; custom_padding=&#8221;|||5px||&#8221; global_colors_info=&#8221;{}&#8221;][et_pb_column type=&#8221;4_4&#8243; _builder_version=&#8221;4.16&#8243; custom_padding=&#8221;|||&#8221; global_colors_info=&#8221;{}&#8221; custom_padding__hover=&#8221;|||&#8221;][et_pb_text admin_label=&#8221;Text&#8221; _builder_version=&#8221;4.16&#8243; background_size=&#8221;initial&#8221; background_position=&#8221;top_left&#8221; background_repeat=&#8221;repeat&#8221; custom_margin=&#8221;|||-166px||&#8221; global_colors_info=&#8221;{}&#8221;]<\/p>\n<p><strong>Discipleship Training School (DTS)<\/strong><\/p>\n<p>The Discipleship Training School is designed to help you grow in your personal relationship with God and in the transformation of your character. It gives you the opportunity to discover your role in God\u2019s purpose for the world, and it is created for those who long to follow Jesus in new ways and with a fresh perspective.<\/p>\n<p>It is an intensive 5-month program that includes a lecture phase and an outreach phase. During the lecture phase, you will learn more about God and His character while developing in a cross-cultural, community-living environment. The outreach phase focuses on putting into practice everything you learned in the classroom through a challenging experience where you will serve others and share the Gospel of Jesus wherever you go.<\/p>\n<p>La EDE es el requisito para convertirte en obrero de JUCUM y tambi\u00e9n para realizar escuelas de segundo nivel dentro de la Universidad de las Naciones.<\/p>\n<p>Puedes hacer tu EDE en cualquiera de las siguientes comunidades misioneras de JUCUM Argentina:<\/p>\n<p>&nbsp;<\/p>\n<p><strong>JUCUM Ituzaing\u00f3, Buenos Aires<\/strong><\/p>\n<p>Email: <a href=\"\/en\/%20ede.dts@gmail.com\/\"><span>ede.dts@gmail.com<\/span><\/a><\/p>\n<p><a href=\"https:\/\/www.instagram.com\/jucumcorrientesargentina\/\">Facebook<\/a><\/p>\n<p><a href=\"https:\/\/www.instagram.com\/jucumcorrientesargentina\/\">YouTube<\/a><\/p>\n<p><a href=\"https:\/\/www.instagram.com\/jucumcorrientesargentina\/\">Instagram<\/a><\/p>\n<p>&nbsp;<\/p>\n<p><strong>JUCUM Corrientes<\/strong><\/p>\n<p>Email:\u00a0<a href=\"https:\/\/www.instagram.com\/jucumcorrientesargentina\/\">argentinanorte@yahoo.com.ar<\/a><\/p>\n<p><a href=\"https:\/\/www.instagram.com\/jucumcorrientesargentina\/\">Facebook<\/a><\/p>\n<p><a href=\"https:\/\/www.instagram.com\/jucumcorrientesargentina\/\">Instagram<\/a><\/p>\n<p>&nbsp;<\/p>\n<p><strong>JUCUM Mendoza<\/strong><\/p>\n<p><strong>EDE con enfoque en el mundo \u00c1rabe, con enfoque en desarrollo comunitario y con enfoque en deportes.<\/strong><\/p>\n<p>Email:\u00a0<a href=\"https:\/\/www.instagram.com\/jucumcorrientesargentina\/\">escuelasmendoza@gmail.com<\/a><\/p>\n<p><a href=\"https:\/\/www.instagram.com\/jucumcorrientesargentina\/\">Facebook<\/a><a href=\"https:\/\/www.instagram.com\/jucumcorrientesargentina\/\"><\/a><a href=\"https:\/\/www.instagram.com\/jucumcorrientesargentina\/\"><\/a><\/p>\n<p><a href=\"https:\/\/www.instagram.com\/jucumcorrientesargentina\/\">Instagram<\/a><\/p>\n<p>&nbsp;<\/p>\n<p><strong>JUCUM C\u00f3rdoba<\/strong><\/p>\n<p>Email: <a href=\"\/en\/ededtscba@gmail.com\/\">ededtscba@gmail.com<\/a><\/p>\n<p><a href=\"https:\/\/www.instagram.com\/jucumcorrientesargentina\/\">Facebook<\/a><\/p>\n<p><a href=\"https:\/\/www.instagram.com\/jucumcorrientesargentina\/\">Instagram<\/a><\/p>\n<p>&nbsp;<\/p>\n<p><strong>JUCUM Puerto Madryn<\/strong><\/p>\n<p>Email:\u00a0<a href=\"https:\/\/www.instagram.com\/jucumcorrientesargentina\/\">jucumsur@hotmail.com<\/a><\/p>\n<p><a href=\"https:\/\/www.instagram.com\/jucumcorrientesargentina\/\">Facebook<\/a><\/p>\n<p><a href=\"https:\/\/www.instagram.com\/jucumcorrientesargentina\/\">Instagram<\/a><\/p>\n<p>&nbsp;<\/p>\n<p><strong>JUCUM Rosario<\/strong><\/p>\n<p>Email:\u00a0<a href=\"https:\/\/www.instagram.com\/jucumcorrientesargentina\/\">jucumrosario@gmail.com<\/a><\/p>\n<p><a href=\"https:\/\/www.instagram.com\/jucumcorrientesargentina\/\">Facebook<\/a><\/p>\n<p><a href=\"https:\/\/www.instagram.com\/jucumcorrientesargentina\/\">Instagram<\/a><\/p>\n<p>&nbsp;<\/p>\n<p>[\/et_pb_text][\/et_pb_column][\/et_pb_row][\/et_pb_section]<\/p>","protected":false},"excerpt":{"rendered":"<p>Escuela de Discipulado y Entrenamiento (EDE) La Escuela de Discipulado y Entrenamiento est\u00e1 dise\u00f1ada para ayudarte a crecer en tu relaci\u00f3n personal con Dios y en la transformaci\u00f3n de tu car\u00e1cter. Te brinda la oportunidad de descubrir tu parte en el prop\u00f3sito de Dios para el mundo y est\u00e1\u00a1 creada para aquellos que anhelan seguir [&hellip;]<\/p>","protected":false},"author":1,"featured_media":0,"parent":0,"menu_order":0,"comment_status":"closed","ping_status":"closed","template":"","meta":{"_et_pb_use_builder":"on","_et_pb_old_content":"<strong>Escuela de Discipulado y Entrenamiento (EDE)<\/strong>\r\n\r\nLa Escuela de Discipulado y Entrenamiento est\u00c3\u00a1 dise\u00c3\u00b1ada para ayudarte a crecer en tu relaci\u00c3\u00b3n personal con Dios y en la transformaci\u00c3\u00b3n de tu car\u00c3\u00a1cter. Te brinda la oportunidad de descubrir tu parte en el prop\u00c3\u00b3sito de Dios para el mundo y est\u00c3\u00a1 creada para aquellos que anhelan seguir a Jes\u00c3\u00bas en nuevas formas y con una perspectiva diferente.\r\n\r\nEs un programa intensivo que tiene una duraci\u00c3\u00b3n de 5 meses y consiste en una fase te\u00c3\u00b3rica y una pr\u00c3\u00a1ctica. En la fase te\u00c3\u00b3rica aprender\u00c3\u00a1s m\u00c3\u00a1s sobre Dios y Su car\u00c3\u00a1cter, mientras te desarrollas en un ambiente transcultural y de vida comunitaria. La parte pr\u00c3\u00a1ctica se enfoca en aplicar todo lo aprendido en el sal\u00c3\u00b3n de clases a trav\u00c3\u00a9s de una experiencia desafiante donde servir\u00c3\u00a1s a otros y compartir\u00c3\u00a1s el Evangelio de Jes\u00c3\u00bas donde quiera que vayas.\r\n\r\nLa EDE es el requisito para convertirte en obrero de JUCUM y tambi\u00c3\u00a9n para realizar escuelas de segundo nivel dentro de la Universidad de las Naciones.\r\n\r\nPuedes hacer tu EDE en cualquiera de las siguientes comunidades misioneras de JUCUM Argentina:\r\n\r\n&nbsp;\r\n\r\n<strong>JUCUM Capital Federal<\/strong>\r\n\r\nEmail:\u00c2\u00a0<a href=\"mailto:jucumcapital@gmail.com\">jucumcapital@gmail.com<\/a>\r\n\r\n<a href=\"http:\/\/www.facebook.com\/jucum.capital\">Facebook<\/a>\r\n\r\n&nbsp;\r\n\r\n<strong>JUCUM Ituzaing\u00c3\u00b3, Buenos Aires<\/strong>\r\n\r\nEmail:\u00c2\u00a0<a href=\"mailto:ede@jucumitu.com.ar\">ede@jucumitu.com.ar<\/a>\r\n\r\n<a href=\"https:\/\/www.facebook.com\/dtsywamitu\/\">Facebook<\/a>\r\n\r\n<a href=\"https:\/\/www.youtube.com\/channel\/UCwt_UCso_x1sXUJAPQi7Y9A\">Youtube<\/a>\r\n\r\n<a href=\"https:\/\/www.instagram.com\/edesywamitu\/?hl=fi\">Instagram<\/a>\r\n\r\n&nbsp;\r\n\r\n<strong>JUCUM Corrientes<\/strong>\r\n\r\nEmail:\u00c2\u00a0<a href=\"mailto:argentinanorte@yahoo.com.ar\">argentinanorte@yahoo.com.ar<\/a>\r\n\r\n<a href=\"http:\/\/www.facebook.com\/jucumcorrientesargentina\">Facebook<\/a>\r\n\r\n&nbsp;\r\n\r\n<strong>JUCUM Mendoza<\/strong>\r\n\r\n<strong>EDE con enfoque en el mundo \u00c3\u00a1rabe, con enfoque en desarrollo comunitario y con enfoque en deportes.<\/strong>\r\n\r\nEmail:\u00c2\u00a0<a href=\"mailto:escuelasmendoza@gmail.com\">escuelasmendoza@gmail.com<\/a>\r\n\r\n<a href=\"http:\/\/www.facebook.com\/jucummdz\">Facebook<\/a>\r\n\r\n&nbsp;\r\n\r\n<strong>JUCUM Mar del Plata<\/strong>\r\n\r\n<strong>EDE con enfoque en Surf y Rescate\u00c2\u00a0<\/strong>\r\n\r\nEmail:\u00c2\u00a0<a href=\"mailto:jucumm_d_plata@yahoo.com.ar\">edemdp@yahoo.com.ar<\/a>\r\n\r\n<a href=\"http:\/\/www.facebook.com\/jucummdp\">Facebook<\/a>\r\n\r\n&nbsp;\r\n\r\n<strong>JUCUM\u00c2\u00a0Salta<\/strong>\r\n\r\nEmail:\u00c2\u00a0<a href=\"mailto:edejucumsalta@yahoo.com\">edejucumsalta@yahoo.com<\/a>\r\n\r\n<a href=\"http:\/\/www.facebook.com\/jucum.salta\">Facebook<\/a>\r\n\r\n&nbsp;\r\n\r\n<strong>JUCUM C\u00c3\u00b3rdoba<\/strong>\r\n\r\nEmail:\u00c2\u00a0<a href=\"mailto:edectscba@gmail.com\">edectscba@gmail.com<\/a>\r\n\r\n<a href=\"http:\/\/www.facebook.com\/jucum.cordoba\">Facebook<\/a>\r\n\r\n&nbsp;\r\n\r\n<strong>JUCUM Puerto Madryn<\/strong>\r\n\r\nEmail:\u00c2\u00a0<a href=\"mailto:jucumsur@hotmail.com\">jucumsur@hotmail.com<\/a>\r\n\r\n<a href=\"https:\/\/www.facebook.com\/jucumpuertomadryn\/\">Facebook<\/a>\r\n\r\n&nbsp;\r\n\r\n<strong>JUCUM San Clemente<\/strong>\r\n\r\nEmail:\u00c2\u00a0<a href=\"mailto:jucumsanclemente@hotmail.com\">jucumsanclemente@hotmail.com<\/a>\r\n\r\n<a href=\"https:\/\/www.facebook.com\/JucumSanclemente\/\">Facebook<\/a>\r\n\r\n&nbsp;\r\n\r\n<strong>Centro Nacional de Oraci\u00c3\u00b3n<\/strong>\r\n\r\nEDE Universitarios\r\n\r\nEmail:\u00c2\u00a0<a href=\"mailto:info@culturadeoraci\u00c3\u00b3n.com\">jucumuniversidades@gmail.com<\/a>\r\n\r\n<a href=\"https:\/\/www.facebook.com\/centronacionaldeoracion\/\">Facebook<\/a>\r\n\r\n&nbsp;\r\n\r\n<strong>JUCUM Rosario<\/strong>\r\n\r\nEmail:\u00c2\u00a0<a href=\"mailto:jucumrosario@gmail.com\">jucumrosario@gmail.com<\/a>\r\n\r\n<a href=\"https:\/\/www.facebook.com\/YWAMROSARIO\/\">Facebook<\/a>\r\n\r\n<a href=\"https:\/\/www.instagram.com\/jucumrosario\/?hl=fi\">Instagram<\/a>\r\n\r\n<strong>JUCUM Puerto Iguaz\u00c3\u00ba<\/strong>\r\n\r\nEmail:\r\n\r\n<a href=\"https:\/\/www.facebook.com\/puerto.iguazu.161\">Facebook<\/a>\r\n\r\n<a href=\"https:\/\/www.instagram.com\/jucum_ywam_puerto_iguazu\/\">Instagram<\/a>","_et_gb_content_width":"","footnotes":""},"class_list":["post-353","page","type-page","status-publish","hentry"],"_links":{"self":[{"href":"https:\/\/jucum.ar\/en\/wp-json\/wp\/v2\/pages\/353","targetHints":{"allow":["GET"]}}],"collection":[{"href":"https:\/\/jucum.ar\/en\/wp-json\/wp\/v2\/pages"}],"about":[{"href":"https:\/\/jucum.ar\/en\/wp-json\/wp\/v2\/types\/page"}],"author":[{"embeddable":true,"href":"https:\/\/jucum.ar\/en\/wp-json\/wp\/v2\/users\/1"}],"replies":[{"embeddable":true,"href":"https:\/\/jucum.ar\/en\/wp-json\/wp\/v2\/comments?post=353"}],"version-history":[{"count":12,"href":"https:\/\/jucum.ar\/en\/wp-json\/wp\/v2\/pages\/353\/revisions"}],"predecessor-version":[{"id":1356,"href":"https:\/\/jucum.ar\/en\/wp-json\/wp\/v2\/pages\/353\/revisions\/1356"}],"wp:attachment":[{"href":"https:\/\/jucum.ar\/en\/wp-json\/wp\/v2\/media?parent=353"}],"curies":[{"name":"wp","href":"https:\/\/api.w.org\/{rel}","templated":true}]}}